{"id":9,"date":"2018-12-21T06:28:51","date_gmt":"2018-12-21T06:28:51","guid":{"rendered":"http:\/\/design-example.cns-webdesign.com\/index.php\/blog\/"},"modified":"2022-06-14T20:29:38","modified_gmt":"2022-06-14T20:29:38","slug":"blog","status":"publish","type":"page","link":"https:\/\/evitality.be\/?page_id=9","title":{"rendered":"Tips &#038; Tricks"},"content":{"rendered":"\n<section class=\"wp-block-uagb-section uagb-section__wrap uagb-section__background-image alignwide uagb-block-22d9e5a2\"><div class=\"uagb-section__overlay\"><\/div><div class=\"uagb-section__inner-wrap\">\n<div class=\"wp-block-uagb-info-box uagb-infobox__outer-wrap uagb-block-3182c1bd\"><div class=\"uagb-infobox__content-wrap uagb-infobox uagb-infobox-has-image uagb-infobox-icon-below-title uagb-infobox-image-valign-top uagb-infobox-enable-border-radius \"><div class=\"uagb-ifb-left-right-wrap\"><div class=\"uagb-ifb-content\"><div class=\"uagb-ifb-title-wrap\"><h1 class=\"uagb-ifb-title\">Tips &amp; tricks<\/h1><\/div><div class=\"uagb-ifb-text-wrap\"><\/div><\/div><\/div><\/div><\/div>\n\n\n\n<div style=\"height:50px\" aria-hidden=\"true\" class=\"wp-block-spacer\"><\/div>\n\n\n\n<section class=\"wp-block-uagb-columns uagb-columns__wrap uagb-columns__background-undefined uagb-columns__stack-mobile uagb-columns__valign-undefined uagb-columns__gap-0 alignundefined uagb-block-35b29b13\"><div class=\"uagb-columns__overlay\"><\/div><div class=\"uagb-columns__inner-wrap uagb-columns__columns-2\">\n<div class=\"wp-block-uagb-column uagb-column__wrap uagb-column__background-undefined uagb-block-c9610584\"><div class=\"uagb-column__overlay\"><\/div><div class=\"uagb-column__inner-wrap\"><\/div><\/div>\n\n\n\n<div class=\"wp-block-uagb-column uagb-column__wrap uagb-column__background-undefined uagb-block-677f631f\"><div class=\"uagb-column__overlay\"><\/div><div class=\"uagb-column__inner-wrap\"><\/div><\/div>\n<\/div><\/section>\n\n\n\n<p><\/p>\n<\/div><\/section>\n\n\n\n<section class=\"wp-block-uagb-columns uagb-columns__wrap uagb-columns__background-undefined uagb-columns__stack-mobile uagb-columns__valign-undefined uagb-columns__gap-10 alignundefined uagb-block-de2c8e6e\"><div class=\"uagb-columns__overlay\"><\/div><div class=\"uagb-columns__inner-wrap uagb-columns__columns-1\">\n<div class=\"wp-block-uagb-column uagb-column__wrap uagb-column__background-undefined uagb-block-3ec40a13\"><div class=\"uagb-column__overlay\"><\/div><div class=\"uagb-column__inner-wrap\">\n<div style=\"height:20px\" aria-hidden=\"true\" class=\"wp-block-spacer\"><\/div>\n\n\n\n<div style=\"height:50px\" aria-hidden=\"true\" class=\"wp-block-spacer\"><\/div>\n\n\n\n\t\t\t<div class=\"wp-block-uagb-post-masonry uagb-post-grid  uagb-post__image-position-top uagb-post__image-enabled uagb-block-d2a95e82     uagb-post__items uagb-post__columns-3 is-masonry uagb-post__columns-tablet-2 uagb-post__columns-mobile-1\" data-total=\"1\" style=\"\">\n\n\t\t\t\t\t\t\t\t\t\t\t\t<article class=\"uagb-post__inner-wrap\">\t\t\t\t\t\t\t\t<div class='uagb-post__image'>\n\t\t\t\t\t\t\t\t\t<a href=\"https:\/\/evitality.be\/?p=2245\" target=\"_self\" rel=\"bookmark noopener noreferrer\"><img width=\"350\" height=\"233\" src=\"https:\/\/evitality.be\/wp-content\/uploads\/2022\/04\/beterinjeveltips.webp\" class=\"attachment-full size-full\" alt=\"\" loading=\"lazy\" srcset=\"https:\/\/evitality.be\/wp-content\/uploads\/2022\/04\/beterinjeveltips.webp 350w, https:\/\/evitality.be\/wp-content\/uploads\/2022\/04\/beterinjeveltips-300x200.webp 300w\" sizes=\"(max-width: 350px) 100vw, 350px\" \/>\t\t\t\t\t<\/a>\n\t\t\t\t\t\t\t\t\t<\/div>\n\t\t\t\t\t\t<h4 class=\"uagb-post__title uagb-post__text\">\n\t\t\t\t<a href=\"https:\/\/evitality.be\/?p=2245\" target=\"_self\" rel=\"bookmark noopener noreferrer\">Beter-in-je-vel-tips<\/a>\n\t\t\t<\/h4>\n\t\t\t\t\t\t<div class='uagb-post__text uagb-post-grid-byline'>\n\t\t\t\t\t\t\t<\/div>\n\t\t\t\t\t\t\t<div class='uagb-post__text uagb-post__excerpt'>\n\t\t\t\t\t<p>Ervaar jij ook angstige gevoelens in deze bijzondere tijd? Of voel jij je niet helemaal op en top jezelf? Hier geef ik je&#8230;\t\t\t\t<\/div>\n\t\t\t\t\t\t<div class=\"uagb-post__text uagb-post__cta wp-block-button\">\n\t\t\t\t<a class=\"wp-block-button__link uagb-text-link\" href=\"https:\/\/evitality.be\/?p=2245\" target=\"_self\" rel=\"bookmark noopener noreferrer\">Meer lezen<\/a>\n\t\t\t<\/div>\n\t\t\t\t\t\t\t\t\t\t\t\t<\/article>\n\t\t\t\t\t\t\t\t\t\t\t\t\t\t\t\t<article class=\"uagb-post__inner-wrap\">\t\t\t\t\t\t\t\t<div class='uagb-post__image'>\n\t\t\t\t\t\t\t\t\t<a href=\"https:\/\/evitality.be\/?p=2179\" target=\"_self\" rel=\"bookmark noopener noreferrer\"><img width=\"1024\" height=\"1365\" src=\"https:\/\/evitality.be\/wp-content\/uploads\/2022\/04\/energiepralines.webp\" class=\"attachment-full size-full\" alt=\"\" loading=\"lazy\" srcset=\"https:\/\/evitality.be\/wp-content\/uploads\/2022\/04\/energiepralines.webp 1024w, https:\/\/evitality.be\/wp-content\/uploads\/2022\/04\/energiepralines-225x300.webp 225w, https:\/\/evitality.be\/wp-content\/uploads\/2022\/04\/energiepralines-768x1024.webp 768w\" sizes=\"(max-width: 1024px) 100vw, 1024px\" \/>\t\t\t\t\t<\/a>\n\t\t\t\t\t\t\t\t\t<\/div>\n\t\t\t\t\t\t<h4 class=\"uagb-post__title uagb-post__text\">\n\t\t\t\t<a href=\"https:\/\/evitality.be\/?p=2179\" target=\"_self\" rel=\"bookmark noopener noreferrer\">Energiepralines<\/a>\n\t\t\t<\/h4>\n\t\t\t\t\t\t<div class='uagb-post__text uagb-post-grid-byline'>\n\t\t\t\t\t\t\t<\/div>\n\t\t\t\t\t\t\t<div class='uagb-post__text uagb-post__excerpt'>\n\t\t\t\t\t<p>Speciaal voor World Food Day deel ik graag met jullie mijn receptje om een heerlijk en gezond dessertje te maken, namelijk energiepralines. Komt&#8230;\t\t\t\t<\/div>\n\t\t\t\t\t\t<div class=\"uagb-post__text uagb-post__cta wp-block-button\">\n\t\t\t\t<a class=\"wp-block-button__link uagb-text-link\" href=\"https:\/\/evitality.be\/?p=2179\" target=\"_self\" rel=\"bookmark noopener noreferrer\">Meer lezen<\/a>\n\t\t\t<\/div>\n\t\t\t\t\t\t\t\t\t\t\t\t<\/article>\n\t\t\t\t\t\t\t\t\t\t\t\t\t\t\t\t<article class=\"uagb-post__inner-wrap\">\t\t\t\t\t\t\t\t<div class='uagb-post__image'>\n\t\t\t\t\t\t\t\t\t<a href=\"https:\/\/evitality.be\/?p=2174\" target=\"_self\" rel=\"bookmark noopener noreferrer\"><img width=\"1280\" height=\"914\" src=\"https:\/\/evitality.be\/wp-content\/uploads\/2022\/04\/board-training-trainer-784363.jpg\" class=\"attachment-full size-full\" alt=\"board, training, trainer-784363.jpg\" loading=\"lazy\" srcset=\"https:\/\/evitality.be\/wp-content\/uploads\/2022\/04\/board-training-trainer-784363.jpg 1280w, https:\/\/evitality.be\/wp-content\/uploads\/2022\/04\/board-training-trainer-784363-300x214.jpg 300w, https:\/\/evitality.be\/wp-content\/uploads\/2022\/04\/board-training-trainer-784363-1024x731.jpg 1024w, https:\/\/evitality.be\/wp-content\/uploads\/2022\/04\/board-training-trainer-784363-768x548.jpg 768w\" sizes=\"(max-width: 1280px) 100vw, 1280px\" \/>\t\t\t\t\t<\/a>\n\t\t\t\t\t\t\t\t\t<\/div>\n\t\t\t\t\t\t<h4 class=\"uagb-post__title uagb-post__text\">\n\t\t\t\t<a href=\"https:\/\/evitality.be\/?p=2174\" target=\"_self\" rel=\"bookmark noopener noreferrer\">Waarom ik coach<\/a>\n\t\t\t<\/h4>\n\t\t\t\t\t\t<div class='uagb-post__text uagb-post-grid-byline'>\n\t\t\t\t\t\t\t<\/div>\n\t\t\t\t\t\t\t<div class='uagb-post__text uagb-post__excerpt'>\n\t\t\t\t\t<p>Vaak krijg ik het volgende te horen: \u2018Jij bent te jong om te coachen?\u2019, \u2018Kan jij wel coachen want je bent nog zo&#8230;\t\t\t\t<\/div>\n\t\t\t\t\t\t<div class=\"uagb-post__text uagb-post__cta wp-block-button\">\n\t\t\t\t<a class=\"wp-block-button__link uagb-text-link\" href=\"https:\/\/evitality.be\/?p=2174\" target=\"_self\" rel=\"bookmark noopener noreferrer\">Meer lezen<\/a>\n\t\t\t<\/div>\n\t\t\t\t\t\t\t\t\t\t\t\t<\/article>\n\t\t\t\t\t\t\t\t\t\t\t\t\t\t\t\t<article class=\"uagb-post__inner-wrap\">\t\t\t\t\t\t\t\t<div class='uagb-post__image'>\n\t\t\t\t\t\t\t\t\t<a href=\"https:\/\/evitality.be\/?p=800\" target=\"_self\" rel=\"bookmark noopener noreferrer\"><img width=\"2560\" height=\"1920\" src=\"https:\/\/evitality.be\/wp-content\/uploads\/2022\/05\/img_1008-scaled-1.jpg\" class=\"attachment-full size-full\" alt=\"\" loading=\"lazy\" srcset=\"https:\/\/evitality.be\/wp-content\/uploads\/2022\/05\/img_1008-scaled-1.jpg 2560w, https:\/\/evitality.be\/wp-content\/uploads\/2022\/05\/img_1008-scaled-1-300x225.jpg 300w, https:\/\/evitality.be\/wp-content\/uploads\/2022\/05\/img_1008-scaled-1-1024x768.jpg 1024w, https:\/\/evitality.be\/wp-content\/uploads\/2022\/05\/img_1008-scaled-1-768x576.jpg 768w, https:\/\/evitality.be\/wp-content\/uploads\/2022\/05\/img_1008-scaled-1-1536x1152.jpg 1536w, https:\/\/evitality.be\/wp-content\/uploads\/2022\/05\/img_1008-scaled-1-2048x1536.jpg 2048w\" sizes=\"(max-width: 2560px) 100vw, 2560px\" \/>\t\t\t\t\t<\/a>\n\t\t\t\t\t\t\t\t\t<\/div>\n\t\t\t\t\t\t<h4 class=\"uagb-post__title uagb-post__text\">\n\t\t\t\t<a href=\"https:\/\/evitality.be\/?p=800\" target=\"_self\" rel=\"bookmark noopener noreferrer\">Walnoten: een superfoodje uit de herfstmaanden<\/a>\n\t\t\t<\/h4>\n\t\t\t\t\t\t<div class='uagb-post__text uagb-post-grid-byline'>\n\t\t\t\t\t\t\t<\/div>\n\t\t\t\t\t\t\t<div class='uagb-post__text uagb-post__excerpt'>\n\t\t\t\t\t<p>Vandaag ging ik noten rapen in onze tuin en ik dacht: tijd voor een blogberichtje! Want &nbsp;deze verdienen het om even in de&#8230;\t\t\t\t<\/div>\n\t\t\t\t\t\t<div class=\"uagb-post__text uagb-post__cta wp-block-button\">\n\t\t\t\t<a class=\"wp-block-button__link uagb-text-link\" href=\"https:\/\/evitality.be\/?p=800\" target=\"_self\" rel=\"bookmark noopener noreferrer\">Meer lezen<\/a>\n\t\t\t<\/div>\n\t\t\t\t\t\t\t\t\t\t\t\t<\/article>\n\t\t\t\t\t\t\t\t\t\t\t\t\t\t\t\t<article class=\"uagb-post__inner-wrap\">\t\t\t\t\t\t\t\t<div class='uagb-post__image'>\n\t\t\t\t\t\t\t\t\t<a href=\"https:\/\/evitality.be\/?p=795\" target=\"_self\" rel=\"bookmark noopener noreferrer\"><img width=\"2560\" height=\"2097\" src=\"https:\/\/evitality.be\/wp-content\/uploads\/2022\/05\/cup-device-drink-1288487-scaled-1.jpg\" class=\"attachment-full size-full\" alt=\"\" loading=\"lazy\" srcset=\"https:\/\/evitality.be\/wp-content\/uploads\/2022\/05\/cup-device-drink-1288487-scaled-1.jpg 2560w, https:\/\/evitality.be\/wp-content\/uploads\/2022\/05\/cup-device-drink-1288487-scaled-1-300x246.jpg 300w, https:\/\/evitality.be\/wp-content\/uploads\/2022\/05\/cup-device-drink-1288487-scaled-1-1024x839.jpg 1024w, https:\/\/evitality.be\/wp-content\/uploads\/2022\/05\/cup-device-drink-1288487-scaled-1-768x629.jpg 768w, https:\/\/evitality.be\/wp-content\/uploads\/2022\/05\/cup-device-drink-1288487-scaled-1-1536x1258.jpg 1536w, https:\/\/evitality.be\/wp-content\/uploads\/2022\/05\/cup-device-drink-1288487-scaled-1-2048x1678.jpg 2048w\" sizes=\"(max-width: 2560px) 100vw, 2560px\" \/>\t\t\t\t\t<\/a>\n\t\t\t\t\t\t\t\t\t<\/div>\n\t\t\t\t\t\t<h4 class=\"uagb-post__title uagb-post__text\">\n\t\t\t\t<a href=\"https:\/\/evitality.be\/?p=795\" target=\"_self\" rel=\"bookmark noopener noreferrer\">Minimalisme als levensstijl<\/a>\n\t\t\t<\/h4>\n\t\t\t\t\t\t<div class='uagb-post__text uagb-post-grid-byline'>\n\t\t\t\t\t\t\t<\/div>\n\t\t\t\t\t\t\t<div class='uagb-post__text uagb-post__excerpt'>\n\t\t\t\t\t<p>We voelen ons goed wanneer we spullen kopen, maar maken ze ons ook \u00e9cht gelukkig? Voor mij alleszins niet, volgens mij is gelukkig&#8230;\t\t\t\t<\/div>\n\t\t\t\t\t\t<div class=\"uagb-post__text uagb-post__cta wp-block-button\">\n\t\t\t\t<a class=\"wp-block-button__link uagb-text-link\" href=\"https:\/\/evitality.be\/?p=795\" target=\"_self\" rel=\"bookmark noopener noreferrer\">Meer lezen<\/a>\n\t\t\t<\/div>\n\t\t\t\t\t\t\t\t\t\t\t\t<\/article>\n\t\t\t\t\t\t\t\t\t\t\t\t\t\t\t\t<article class=\"uagb-post__inner-wrap\">\t\t\t\t\t\t\t\t<div class='uagb-post__image'>\n\t\t\t\t\t\t\t\t\t<a href=\"https:\/\/evitality.be\/?p=793\" target=\"_self\" rel=\"bookmark noopener noreferrer\"><img width=\"319\" height=\"197\" src=\"https:\/\/evitality.be\/wp-content\/uploads\/2022\/05\/close-up-fennel-fennel-bulb-159471-1.jpg\" class=\"attachment-full size-full\" alt=\"\" loading=\"lazy\" srcset=\"https:\/\/evitality.be\/wp-content\/uploads\/2022\/05\/close-up-fennel-fennel-bulb-159471-1.jpg 319w, https:\/\/evitality.be\/wp-content\/uploads\/2022\/05\/close-up-fennel-fennel-bulb-159471-1-300x185.jpg 300w\" sizes=\"(max-width: 319px) 100vw, 319px\" \/>\t\t\t\t\t<\/a>\n\t\t\t\t\t\t\t\t\t<\/div>\n\t\t\t\t\t\t<h4 class=\"uagb-post__title uagb-post__text\">\n\t\t\t\t<a href=\"https:\/\/evitality.be\/?p=793\" target=\"_self\" rel=\"bookmark noopener noreferrer\">Venkel(soep)<\/a>\n\t\t\t<\/h4>\n\t\t\t\t\t\t<div class='uagb-post__text uagb-post-grid-byline'>\n\t\t\t\t\t\t\t<\/div>\n\t\t\t\t\t\t\t<div class='uagb-post__text uagb-post__excerpt'>\n\t\t\t\t\t<p>H\u00e9\u00e9l, h\u00e9\u00e9\u00e9\u00e9\u00e9\u00e9l lang geleden, in het tijdperk van de romeinen werd venkel alreeds gebruikt als medicijn tegen oogziektes. Venkel is een witte knol&#8230;\t\t\t\t<\/div>\n\t\t\t\t\t\t<div class=\"uagb-post__text uagb-post__cta wp-block-button\">\n\t\t\t\t<a class=\"wp-block-button__link uagb-text-link\" href=\"https:\/\/evitality.be\/?p=793\" target=\"_self\" rel=\"bookmark noopener noreferrer\">Meer lezen<\/a>\n\t\t\t<\/div>\n\t\t\t\t\t\t\t\t\t\t\t\t<\/article>\n\t\t\t\t\t\t\t\t\t\t\t\t\t\t\t\t<article class=\"uagb-post__inner-wrap\">\t\t\t\t\t\t\t\t<div class='uagb-post__image'>\n\t\t\t\t\t\t\t\t\t<a href=\"https:\/\/evitality.be\/?p=695\" target=\"_self\" rel=\"bookmark noopener noreferrer\"><img width=\"2560\" height=\"1707\" src=\"https:\/\/evitality.be\/wp-content\/uploads\/2022\/05\/colors-grow-orange-633480-scaled-1.jpg\" class=\"attachment-full size-full\" alt=\"\" loading=\"lazy\" srcset=\"https:\/\/evitality.be\/wp-content\/uploads\/2022\/05\/colors-grow-orange-633480-scaled-1.jpg 2560w, https:\/\/evitality.be\/wp-content\/uploads\/2022\/05\/colors-grow-orange-633480-scaled-1-300x200.jpg 300w, https:\/\/evitality.be\/wp-content\/uploads\/2022\/05\/colors-grow-orange-633480-scaled-1-1024x683.jpg 1024w, https:\/\/evitality.be\/wp-content\/uploads\/2022\/05\/colors-grow-orange-633480-scaled-1-768x512.jpg 768w, https:\/\/evitality.be\/wp-content\/uploads\/2022\/05\/colors-grow-orange-633480-scaled-1-1536x1024.jpg 1536w, https:\/\/evitality.be\/wp-content\/uploads\/2022\/05\/colors-grow-orange-633480-scaled-1-2048x1366.jpg 2048w\" sizes=\"(max-width: 2560px) 100vw, 2560px\" \/>\t\t\t\t\t<\/a>\n\t\t\t\t\t\t\t\t\t<\/div>\n\t\t\t\t\t\t<h4 class=\"uagb-post__title uagb-post__text\">\n\t\t\t\t<a href=\"https:\/\/evitality.be\/?p=695\" target=\"_self\" rel=\"bookmark noopener noreferrer\">Gegrilde pompoenpitten<\/a>\n\t\t\t<\/h4>\n\t\t\t\t\t\t<div class='uagb-post__text uagb-post-grid-byline'>\n\t\t\t\t\t\t\t<\/div>\n\t\t\t\t\t\t\t<div class='uagb-post__text uagb-post__excerpt'>\n\t\t\t\t\t<p>Joepie het is bijna weer zo ver, de herfst komt eraan! De herfst is mijn favoriete seizoen en daar hoort natuurlijk pompoen bij!&#8230;\t\t\t\t<\/div>\n\t\t\t\t\t\t<div class=\"uagb-post__text uagb-post__cta wp-block-button\">\n\t\t\t\t<a class=\"wp-block-button__link uagb-text-link\" href=\"https:\/\/evitality.be\/?p=695\" target=\"_self\" rel=\"bookmark noopener noreferrer\">Meer lezen<\/a>\n\t\t\t<\/div>\n\t\t\t\t\t\t\t\t\t\t\t\t<\/article>\n\t\t\t\t\t\t\t\t\t\t\t\t\t\t\t\t<article class=\"uagb-post__inner-wrap\">\t\t\t\t\t\t\t\t<div class='uagb-post__image'>\n\t\t\t\t\t\t\t\t\t<a href=\"https:\/\/evitality.be\/?p=694\" target=\"_self\" rel=\"bookmark noopener noreferrer\"><img width=\"960\" height=\"720\" src=\"https:\/\/evitality.be\/wp-content\/uploads\/2022\/05\/13932809_10209524429720568_1093993626439729230_n.jpg\" class=\"attachment-full size-full\" alt=\"\" loading=\"lazy\" srcset=\"https:\/\/evitality.be\/wp-content\/uploads\/2022\/05\/13932809_10209524429720568_1093993626439729230_n.jpg 960w, https:\/\/evitality.be\/wp-content\/uploads\/2022\/05\/13932809_10209524429720568_1093993626439729230_n-300x225.jpg 300w, https:\/\/evitality.be\/wp-content\/uploads\/2022\/05\/13932809_10209524429720568_1093993626439729230_n-768x576.jpg 768w\" sizes=\"(max-width: 960px) 100vw, 960px\" \/>\t\t\t\t\t<\/a>\n\t\t\t\t\t\t\t\t\t<\/div>\n\t\t\t\t\t\t<h4 class=\"uagb-post__title uagb-post__text\">\n\t\t\t\t<a href=\"https:\/\/evitality.be\/?p=694\" target=\"_self\" rel=\"bookmark noopener noreferrer\">Waar het allemaal begon &#8230;<\/a>\n\t\t\t<\/h4>\n\t\t\t\t\t\t<div class='uagb-post__text uagb-post-grid-byline'>\n\t\t\t\t\t\t\t<\/div>\n\t\t\t\t\t\t\t<div class='uagb-post__text uagb-post__excerpt'>\n\t\t\t\t\t\n\t\t\t\tNullam imperdiet lobortis maximus cras ante neque. Aenean fermentum vulputate eros, efficitur vehicula nunc accumsan tincidunt. Maecenas a nulla id sapien dignissim tincidunt&#8230;.\t\t\t\t<\/div>\n\t\t\t\t\t\t<div class=\"uagb-post__text uagb-post__cta wp-block-button\">\n\t\t\t\t<a class=\"wp-block-button__link uagb-text-link\" href=\"https:\/\/evitality.be\/?p=694\" target=\"_self\" rel=\"bookmark noopener noreferrer\">Meer lezen<\/a>\n\t\t\t<\/div>\n\t\t\t\t\t\t\t\t\t\t\t\t<\/article>\n\t\t\t\t\t\t\t\t\t\t\t\t\t\t\t<div class=\"uagb-post__load-more-wrap\">\n\t\t\t\t\t\t\t\t<span class=\"uagb-post-pagination-button\">\n\t\t\t\t\t\t\t\t\t<a class=\"uagb-post__load-more\" href=\"javascript:void(0);\">\n\t\t\t\t\t\t\t\t\tLaad meer\t\t\t\t\t\t\t\t\t<\/a>\n\t\t\t\t\t\t\t\t<\/span>\n\t\t\t\t\t\t\t<\/div>\n\t\t\t\t\t\t\t\t\t\t<\/div>\n\t\t\t<\/div><\/div>\n<\/div><\/section>\n\n\n\n<section class=\"wp-block-uagb-section uagb-section__wrap uagb-section__background-image uagb-block-4ade5969\"><div class=\"uagb-section__overlay\"><\/div><div class=\"uagb-section__inner-wrap\">\n<div class=\"wp-block-uagb-advanced-heading uagb-block-0ffc20cb\" id=\"uagb-adv-heading-851b8a52-eef6-47c4-a1a4-ddc757a8b366\"><h5 class=\"uagb-heading-text\">Contact <br><\/h5><div class=\"uagb-separator-wrap\"><div class=\"uagb-separator\"><\/div><\/div><p class=\"uagb-desc-text\"><\/p><\/div>\n\n\n\n<div class=\"wp-block-uagb-advanced-heading uagb-block-7d78adfb\" id=\"uagb-adv-heading-0b0c876f-baef-42a1-bfb5-4d5620d5adeb\"><h2 class=\"uagb-heading-text\">Aarzel niet om me te contacteren <\/h2><p class=\"uagb-desc-text\"><\/p><\/div>\n\n\n\n<div class=\"wp-container-1 is-horizontal is-content-justification-center is-nowrap wp-block-buttons\">\n<div class=\"wp-block-button is-style-outline\"><a class=\"wp-block-button__link\" href=\"https:\/\/evitality.be\/?page_id=2164\" style=\"border-radius:40px\" rel=\"\">Neem contact op<\/a><\/div>\n<\/div>\n\n\n\n<div style=\"height:60px\" aria-hidden=\"true\" class=\"wp-block-spacer\"><\/div>\n\n\n\n<div class=\"wp-block-uagb-icon-list uagb-icon-list__outer-wrap uagb-icon-list__layout-horizontal uagb-icon-list__no-label uagb-block-e16f4cae\"><div class=\"uagb-icon-list__wrap\">\n<div class=\"wp-block-uagb-icon-list-child uagb-icon-list-repeater uagb-icon-list__wrapper uagb-block-2f115f24\"><a target=\"_blank\" aria-label=\"Label #1\" rel=\"noopener noreferrer\" href=\"\/\/www.facebook.com\/Evitality.coach\/\"><\/a><div class=\"uagb-icon-list__content-wrap\"><span class=\"uagb-icon-list__source-wrap\"><span class=\"uagb-icon-list__source-icon\"><svg xmlns=\"http:\/\/www.w3.org\/2000\/svg\" viewbox=\"0 0 320 512\"><path d=\"M279.14 288l14.22-92.66h-88.91v-60.13c0-25.35 12.42-50.06 52.24-50.06h40.42V6.26S260.43 0 225.36 0c-73.22 0-121.08 44.38-121.08 124.72v70.62H22.89V288h81.39v224h100.17V288z\"><\/path><\/svg><\/span><\/span><\/div><\/div>\n\n\n\n<div class=\"wp-block-uagb-icon-list-child uagb-icon-list-repeater uagb-icon-list__wrapper uagb-block-afcb1b03\"><a target=\"_blank\" aria-label=\"Label #2\" rel=\"noopener noreferrer\" href=\"\/\/www.linkedin.com\/in\/evelyn-veyt\/?originalSubdomain=be\"><\/a><div class=\"uagb-icon-list__content-wrap\"><span class=\"uagb-icon-list__source-wrap\"><span class=\"uagb-icon-list__source-icon\"><svg xmlns=\"http:\/\/www.w3.org\/2000\/svg\" viewbox=\"0 0 448 512\"><path d=\"M416 32H31.9C14.3 32 0 46.5 0 64.3v383.4C0 465.5 14.3 480 31.9 480H416c17.6 0 32-14.5 32-32.3V64.3c0-17.8-14.4-32.3-32-32.3zM135.4 416H69V202.2h66.5V416zm-33.2-243c-21.3 0-38.5-17.3-38.5-38.5S80.9 96 102.2 96c21.2 0 38.5 17.3 38.5 38.5 0 21.3-17.2 38.5-38.5 38.5zm282.1 243h-66.4V312c0-24.8-.5-56.7-34.5-56.7-34.6 0-39.9 27-39.9 54.9V416h-66.4V202.2h63.7v29.2h.9c8.9-16.8 30.6-34.5 62.9-34.5 67.2 0 79.7 44.3 79.7 101.9V416z\"><\/path><\/svg><\/span><\/span><\/div><\/div>\n\n\n\n<div class=\"wp-block-uagb-icon-list-child uagb-icon-list-repeater uagb-icon-list__wrapper uagb-block-73c21cb2\"><a target=\"_self\" aria-label=\"Label #4\" rel=\"noopener noreferrer\" href=\"\/\/www.instagram.com\/evelynveyt\/?hl=be\"><\/a><div class=\"uagb-icon-list__content-wrap\"><span class=\"uagb-icon-list__source-wrap\"><span class=\"uagb-icon-list__source-icon\"><svg xmlns=\"http:\/\/www.w3.org\/2000\/svg\" viewbox=\"0 0 448 512\"><path d=\"M224.1 141c-63.6 0-114.9 51.3-114.9 114.9s51.3 114.9 114.9 114.9S339 319.5 339 255.9 287.7 141 224.1 141zm0 189.6c-41.1 0-74.7-33.5-74.7-74.7s33.5-74.7 74.7-74.7 74.7 33.5 74.7 74.7-33.6 74.7-74.7 74.7zm146.4-194.3c0 14.9-12 26.8-26.8 26.8-14.9 0-26.8-12-26.8-26.8s12-26.8 26.8-26.8 26.8 12 26.8 26.8zm76.1 27.2c-1.7-35.9-9.9-67.7-36.2-93.9-26.2-26.2-58-34.4-93.9-36.2-37-2.1-147.9-2.1-184.9 0-35.8 1.7-67.6 9.9-93.9 36.1s-34.4 58-36.2 93.9c-2.1 37-2.1 147.9 0 184.9 1.7 35.9 9.9 67.7 36.2 93.9s58 34.4 93.9 36.2c37 2.1 147.9 2.1 184.9 0 35.9-1.7 67.7-9.9 93.9-36.2 26.2-26.2 34.4-58 36.2-93.9 2.1-37 2.1-147.8 0-184.8zM398.8 388c-7.8 19.6-22.9 34.7-42.6 42.6-29.5 11.7-99.5 9-132.1 9s-102.7 2.6-132.1-9c-19.6-7.8-34.7-22.9-42.6-42.6-11.7-29.5-9-99.5-9-132.1s-2.6-102.7 9-132.1c7.8-19.6 22.9-34.7 42.6-42.6 29.5-11.7 99.5-9 132.1-9s102.7-2.6 132.1 9c19.6 7.8 34.7 22.9 42.6 42.6 11.7 29.5 9 99.5 9 132.1s2.7 102.7-9 132.1z\"><\/path><\/svg><\/span><\/span><\/div><\/div>\n<\/div><\/div>\n<\/div><\/section>\n","protected":false},"excerpt":{"rendered":"","protected":false},"author":1,"featured_media":0,"parent":0,"menu_order":0,"comment_status":"closed","ping_status":"closed","template":"","meta":{"_uag_custom_page_level_css":"","site-sidebar-layout":"no-sidebar","site-content-layout":"page-builder","ast-global-header-display":"","ast-main-header-display":"","ast-hfb-above-header-display":"","ast-hfb-below-header-display":"","ast-hfb-mobile-header-display":"","site-post-title":"disabled","ast-breadcrumbs-content":"","ast-featured-img":"","footer-sml-layout":"","theme-transparent-header-meta":"disabled","adv-header-id-meta":"","stick-header-meta":"","header-above-stick-meta":"","header-main-stick-meta":"","header-below-stick-meta":""},"uagb_featured_image_src":{"full":false,"thumbnail":false,"medium":false,"medium_large":false,"large":false,"1536x1536":false,"2048x2048":false},"uagb_author_info":{"display_name":"cnswebdesign.info","author_link":"https:\/\/evitality.be\/?author=1"},"uagb_comment_info":0,"uagb_excerpt":null,"_links":{"self":[{"href":"https:\/\/evitality.be\/index.php?rest_route=\/wp\/v2\/pages\/9"}],"collection":[{"href":"https:\/\/evitality.be\/index.php?rest_route=\/wp\/v2\/pages"}],"about":[{"href":"https:\/\/evitality.be\/index.php?rest_route=\/wp\/v2\/types\/page"}],"author":[{"embeddable":true,"href":"https:\/\/evitality.be\/index.php?rest_route=\/wp\/v2\/users\/1"}],"replies":[{"embeddable":true,"href":"https:\/\/evitality.be\/index.php?rest_route=%2Fwp%2Fv2%2Fcomments&post=9"}],"version-history":[{"count":2,"href":"https:\/\/evitality.be\/index.php?rest_route=\/wp\/v2\/pages\/9\/revisions"}],"predecessor-version":[{"id":2652,"href":"https:\/\/evitality.be\/index.php?rest_route=\/wp\/v2\/pages\/9\/revisions\/2652"}],"wp:attachment":[{"href":"https:\/\/evitality.be\/index.php?rest_route=%2Fwp%2Fv2%2Fmedia&parent=9"}],"curies":[{"name":"wp","href":"https:\/\/api.w.org\/{rel}","templated":true}]}}